{"id":11,"date":"2020-12-26T10:32:57","date_gmt":"2020-12-26T09:32:57","guid":{"rendered":"http:\/\/www.gt-ine.fr\/?page_id=11"},"modified":"2022-04-27T01:32:42","modified_gmt":"2022-04-26T23:32:42","slug":"objectif","status":"publish","type":"page","link":"http:\/\/www.ct-ine.fr\/?page_id=11","title":{"rendered":"Projet Scientifique"},"content":{"rendered":"\n<p>Pour construire les perspectives du <strong>CT INE<\/strong>, nous avons coupl\u00e9 une approche \u201cbottom-up\u201c et une approche \u201ctop-down\u201c. Tout d\u2019abord, l\u2019approche \u201ctop-down\u201c a consist\u00e9 \u00e0 analyser les sites web des vingt \u00e9quipes de recherche impliqu\u00e9es dans le CT pour d\u00e9finir les th\u00e8mes trait\u00e9s, les domaines couverts ainsi que les outils mis en \u0153uvre. Ensuite, l\u2019approche \u201cbottom-up\u201c a eu lieu en deux temps. D\u2019une part, un questionnaire a \u00e9t\u00e9 envoy\u00e9 aux responsables d\u2019\u00e9quipe identifi\u00e9s avec recensement des travaux achev\u00e9s, en cours, en d\u00e9veloppement ainsi que celui des th\u00e9matiques d&rsquo;ing\u00e9nierie d&rsquo;entreprise. D\u2019autre part, une recherche, dans ISI Web of Science, les articles de journaux et de conf\u00e9rences des membres permanents du CT a \u00e9t\u00e9 effectu\u00e9e. Nous avons de cette mani\u00e8re r\u00e9cup\u00e9r\u00e9 393 travaux qui ont \u00e9t\u00e9 analys\u00e9s pour mettre en \u00e9vidence les mots-cl\u00e9s, les clusters de travaux avec la fr\u00e9quence des mots-cl\u00e9s et les distances entre ces mots-cl\u00e9s. L\u2019id\u00e9e est de cerner les probl\u00e9matiques sur lesquelles travaillent les membres du CT et ont envie de travailler dans le futur de sorte \u00e0 ajuster les th\u00e9matiques trait\u00e9es par le CT en cons\u00e9quence.<br>L\u2019approche \u201ctop-down\u201c montre que les th\u00e8mes de recherche des \u00e9quipes impliqu\u00e9es dans le CT concernent toujours les sous-syst\u00e8mes de l\u2019entreprise (syst\u00e8me d\u2019information (SI) et de production) ainsi que l\u2019interop\u00e9rabilit\u00e9. Cependant, l\u2019accent est mis sur les syst\u00e8mes sociotechniques et les syst\u00e8mes complexes. Les domaines d\u2019application sont vari\u00e9s avec l\u2019\u00e9mergence des SI hospitaliers, du green IT (Information Technologies) ou encore des PSS (Product Services System). Aux outils \u00ab classiques \u00bb du CT INE (mod\u00e9lisation d\u2019entreprise, architectures d\u2019entreprise) il faut ajouter l\u2019Ing\u00e9nierie Syst\u00e8me et notamment l\u2019Ing\u00e9nierie Syst\u00e8me orient\u00e9e mod\u00e8les.<br>L\u2019approche \u201cbottom-up\u201c confirme les r\u00e9sultats de l\u2019approche \u201ctop-down\u201c, on retrouve comme mots-cl\u00e9s l\u2019entreprise, les SI, l\u2019alignement, l\u2019interop\u00e9rabilit\u00e9, la production, l\u2019ing\u00e9nierie, la conception, le d\u00e9veloppement et l\u2019\u00e9valuation de performance. Le regroupement de ces mots-cl\u00e9s en clusters met en avant sept clusters parmi les plus importants un premier regroupant les SI, l\u2019interop\u00e9rabilit\u00e9 et les outils correspondants (mod\u00e8le, approche, framework, etc.) ; un second relatif aux besoins, \u00e0 la qualit\u00e9, \u00e0 l\u2019organisation et au mangement ; un troisi\u00e8me relatif aux types de contributions d\u00e9velopp\u00e9es (\u00e9tude de cas, \u00e9valuation, simulation, d\u00e9veloppement, m\u00e9thodologie, m\u00e9thode, outil). De m\u00eame, les nouveaux th\u00e8mes recommand\u00e9s concernent l\u2019Ing\u00e9nierie Syst\u00e8me et notamment l\u2019Ing\u00e9nierie Syst\u00e8me orient\u00e9e mod\u00e8les, l\u2019ing\u00e9nierie des syst\u00e8mes complexes ou encore les Syst\u00e8mes Cyber-Physiques (CPS).<\/p>\n","protected":false},"excerpt":{"rendered":"<p>Pour construire les perspectives du CT INE, nous avons coupl\u00e9 une approche \u201cbottom-up\u201c et une approche \u201ctop-down\u201c. Tout d\u2019abord, l\u2019approche \u201ctop-down\u201c a consist\u00e9 \u00e0 analyser les sites web des vingt \u00e9quipes de recherche impliqu\u00e9es dans le CT pour d\u00e9finir les th\u00e8mes trait\u00e9s, les domaines couverts ainsi que les outils mis en \u0153uvre. Ensuite, l\u2019approche \u201cbottom-up\u201c [&hellip;]<\/p>\n","protected":false},"author":1,"featured_media":0,"parent":0,"menu_order":0,"comment_status":"closed","ping_status":"closed","template":"","meta":{"footnotes":""},"_links":{"self":[{"href":"http:\/\/www.ct-ine.fr\/index.php?rest_route=\/wp\/v2\/pages\/11"}],"collection":[{"href":"http:\/\/www.ct-ine.fr\/index.php?rest_route=\/wp\/v2\/pages"}],"about":[{"href":"http:\/\/www.ct-ine.fr\/index.php?rest_route=\/wp\/v2\/types\/page"}],"author":[{"embeddable":true,"href":"http:\/\/www.ct-ine.fr\/index.php?rest_route=\/wp\/v2\/users\/1"}],"replies":[{"embeddable":true,"href":"http:\/\/www.ct-ine.fr\/index.php?rest_route=%2Fwp%2Fv2%2Fcomments&post=11"}],"version-history":[{"count":5,"href":"http:\/\/www.ct-ine.fr\/index.php?rest_route=\/wp\/v2\/pages\/11\/revisions"}],"predecessor-version":[{"id":123,"href":"http:\/\/www.ct-ine.fr\/index.php?rest_route=\/wp\/v2\/pages\/11\/revisions\/123"}],"wp:attachment":[{"href":"http:\/\/www.ct-ine.fr\/index.php?rest_route=%2Fwp%2Fv2%2Fmedia&parent=11"}],"curies":[{"name":"wp","href":"https:\/\/api.w.org\/{rel}","templated":true}]}}